{"id":547,"date":"2023-01-10T19:04:23","date_gmt":"2023-01-10T19:04:23","guid":{"rendered":"https:\/\/hightechextracts.com\/es\/es\/es\/es\/es\/es\/es\/es\/es\/es\/es\/es\/?page_id=547"},"modified":"2023-03-18T14:44:36","modified_gmt":"2023-03-18T14:44:36","slug":"certificaciones","status":"publish","type":"page","link":"https:\/\/hightechextracts.com\/es\/certificaciones\/","title":{"rendered":"Certificaciones"},"content":{"rendered":"\t\t<div data-elementor-type=\"wp-page\" data-elementor-id=\"547\" class=\"elementor elementor-547\">\n\t\t\t\t\t\t\t\t\t<section class=\"elementor-section elementor-top-section elementor-element elementor-element-7b668bd3 elementor-section-height-min-height elementor-section-items-top elementor-section-boxed elementor-section-height-default\" data-id=\"7b668bd3\" data-element_type=\"section\" data-settings=\"{&quot;background_background&quot;:&quot;classic&quot;}\">\n\t\t\t\t\t\t<div class=\"elementor-container elementor-column-gap-default\">\n\t\t\t\t\t<div class=\"elementor-column elementor-col-100 elementor-top-column elementor-element elementor-element-269bc2cf\" data-id=\"269bc2cf\" data-element_type=\"column\">\n\t\t\t<div class=\"elementor-widget-wrap elementor-element-populated\">\n\t\t\t\t\t\t\t\t<div class=\"elementor-element elementor-element-5331de93 elementor-widget__width-inherit elementor-widget elementor-widget-heading\" data-id=\"5331de93\" data-element_type=\"widget\" data-widget_type=\"heading.default\">\n\t\t\t\t<div class=\"elementor-widget-container\">\n\t\t\t<style>\/*! elementor - v3.18.0 - 20-12-2023 *\/\n.elementor-heading-title{padding:0;margin:0;line-height:1}.elementor-widget-heading .elementor-heading-title[class*=elementor-size-]>a{color:inherit;font-size:inherit;line-height:inherit}.elementor-widget-heading .elementor-heading-title.elementor-size-small{font-size:15px}.elementor-widget-heading .elementor-heading-title.elementor-size-medium{font-size:19px}.elementor-widget-heading .elementor-heading-title.elementor-size-large{font-size:29px}.elementor-widget-heading .elementor-heading-title.elementor-size-xl{font-size:39px}.elementor-widget-heading .elementor-heading-title.elementor-size-xxl{font-size:59px}<\/style><h1 class=\"elementor-heading-title elementor-size-default\">Certificaciones<\/h1>\t\t<\/div>\n\t\t\t\t<\/div>\n\t\t\t\t<div class=\"elementor-element elementor-element-30de4d1 elementor-widget elementor-widget-text-editor\" data-id=\"30de4d1\" data-element_type=\"widget\" data-widget_type=\"text-editor.default\">\n\t\t\t\t<div class=\"elementor-widget-container\">\n\t\t\t<style>\/*! elementor - v3.18.0 - 20-12-2023 *\/\n.elementor-widget-text-editor.elementor-drop-cap-view-stacked .elementor-drop-cap{background-color:#69727d;color:#fff}.elementor-widget-text-editor.elementor-drop-cap-view-framed .elementor-drop-cap{color:#69727d;border:3px solid;background-color:transparent}.elementor-widget-text-editor:not(.elementor-drop-cap-view-default) .elementor-drop-cap{margin-top:8px}.elementor-widget-text-editor:not(.elementor-drop-cap-view-default) .elementor-drop-cap-letter{width:1em;height:1em}.elementor-widget-text-editor .elementor-drop-cap{float:left;text-align:center;line-height:1;font-size:50px}.elementor-widget-text-editor .elementor-drop-cap-letter{display:inline-block}<\/style>\t\t\t\t<p style=\"text-align: center;\"><span style=\"color: #ffffff;\">Todos nuestros sistemas de extracci\u00f3n de CO 2 est\u00e1n certificados<\/span><\/p>\t\t\t\t\t\t<\/div>\n\t\t\t\t<\/div>\n\t\t\t\t\t<\/div>\n\t\t<\/div>\n\t\t\t\t\t\t\t<\/div>\n\t\t<\/section>\n\t\t\t\t<section class=\"elementor-section elementor-top-section elementor-element elementor-element-eaea20e elementor-section-boxed elementor-section-height-default elementor-section-height-default\" data-id=\"eaea20e\" data-element_type=\"section\">\n\t\t\t\t\t\t<div class=\"elementor-container elementor-column-gap-default\">\n\t\t\t\t\t<div class=\"elementor-column elementor-col-100 elementor-top-column elementor-element elementor-element-3856ed45\" data-id=\"3856ed45\" data-element_type=\"column\">\n\t\t\t<div class=\"elementor-widget-wrap elementor-element-populated\">\n\t\t\t\t\t\t\t\t<div class=\"elementor-element elementor-element-cd0b7e9 elementor-invisible elementor-widget elementor-widget-heading\" data-id=\"cd0b7e9\" data-element_type=\"widget\" data-settings=\"{&quot;_animation&quot;:&quot;fadeInUp&quot;}\" data-widget_type=\"heading.default\">\n\t\t\t\t<div class=\"elementor-widget-container\">\n\t\t\t<h3 class=\"elementor-heading-title elementor-size-default\">CERTIFICACIONES DEL SISTEMA<\/h3>\t\t<\/div>\n\t\t\t\t<\/div>\n\t\t\t\t<div class=\"elementor-element elementor-element-7e54f06 elementor-widget elementor-widget-text-editor\" data-id=\"7e54f06\" data-element_type=\"widget\" data-widget_type=\"text-editor.default\">\n\t\t\t\t<div class=\"elementor-widget-container\">\n\t\t\t\t\t\t\t<p style=\"text-align: center;\">La certificaci\u00f3n del sistema de extracci\u00f3n de CO2 es fundamental para dar garant\u00edas de calidad y cumplimiento de la normativa exigida en su pa\u00eds. Se debe comprobar que cada sistema de extracci\u00f3n de CO2 se haya comprobado individualmente y que cada componente, desde el recipiente de extracci\u00f3n a los separadores, a cada tuber\u00eda y accesorio individual, a cada v\u00e1lvula e instrumento o man\u00f3metro, tambi\u00e9n est\u00e9 certificado individualmente.<\/p>\t\t\t\t\t\t<\/div>\n\t\t\t\t<\/div>\n\t\t\t\t<section class=\"elementor-section elementor-inner-section elementor-element elementor-element-cd93b8e elementor-section-boxed elementor-section-height-default elementor-section-height-default\" data-id=\"cd93b8e\" data-element_type=\"section\">\n\t\t\t\t\t\t<div class=\"elementor-container elementor-column-gap-default\">\n\t\t\t\t\t<div class=\"elementor-column elementor-col-100 elementor-inner-column elementor-element elementor-element-ab5ab7a\" data-id=\"ab5ab7a\" data-element_type=\"column\">\n\t\t\t<div class=\"elementor-widget-wrap elementor-element-populated\">\n\t\t\t\t\t\t\t\t<div class=\"elementor-element elementor-element-8490156 elementor-widget elementor-widget-text-editor\" data-id=\"8490156\" data-element_type=\"widget\" data-widget_type=\"text-editor.default\">\n\t\t\t\t<div class=\"elementor-widget-container\">\n\t\t\t\t\t\t\t<ul><li>Para Europa y otros pa\u00edses que aceptan\u00a0la regulaci\u00f3n\u00a0<strong>de la UE<\/strong>, nos certificamos con\u00a0PED\u00a0y\u00a0CE.\u00a0Los equipos a presi\u00f3n est\u00e1n\u00a0certificados\u00a0<strong>por PED<\/strong>.<\/li><li>Para Am\u00e9rica del Norte y otros pa\u00edses que aceptan\u00a0la regulaci\u00f3n\u00a0<strong>ASME<\/strong>, certificamos\u00a0UL.\u00a0Los equipos a presi\u00f3n est\u00e1n\u00a0certificados por\u00a0<strong>ASME<\/strong>.<\/li><li>El organismo certificador de PED es\u00a0Apave<strong>.<\/strong><\/li><li>El c\u00f3digo de dise\u00f1o de alta presi\u00f3n es\u00a0ASME<strong> VIII, div 1.<\/strong><\/li><li>Las tuber\u00edas van acompa\u00f1adas de un certificado de material y certificaci\u00f3n de pruebas de esfuerzo.<\/li><li>Para Europa y otros pa\u00edses que aceptan la regulaci\u00f3n de la UE, los recipientes de alta presi\u00f3n est\u00e1n certificados individualmente por CE y PED.<\/li><li>Para Am\u00e9rica del Norte y otros pa\u00edses que aceptan la regulaci\u00f3n ASME, los recipientes de alta presi\u00f3n cuentan con certificaci\u00f3n de ASME individual.<\/li><li>Solo para Canad\u00e1, todos los equipos e instrumentaci\u00f3n tienen su propio CRN.<\/li><li>Las v\u00e1lvulas de seguridad est\u00e1n\u00a0certificadas\u00a0<strong>por PED<\/strong>para Europa y\u00a0ASME\u00a0para Norteam\u00e9rica<\/li><li>Todos los sistemas est\u00e1n completamente probados y certificados antes del env\u00edo.<\/li><li>Todos los accesorios van acompa\u00f1ados de un certificado de conformidad y material.<\/li><\/ul>\t\t\t\t\t\t<\/div>\n\t\t\t\t<\/div>\n\t\t\t\t\t<\/div>\n\t\t<\/div>\n\t\t\t\t\t\t\t<\/div>\n\t\t<\/section>\n\t\t\t\t\t<\/div>\n\t\t<\/div>\n\t\t\t\t\t\t\t<\/div>\n\t\t<\/section>\n\t\t\t\t<section class=\"elementor-section elementor-top-section elementor-element elementor-element-10891f7d elementor-section-boxed elementor-section-height-default elementor-section-height-default\" data-id=\"10891f7d\" data-element_type=\"section\" data-settings=\"{&quot;background_background&quot;:&quot;gradient&quot;}\">\n\t\t\t\t\t\t<div class=\"elementor-container elementor-column-gap-default\">\n\t\t\t\t\t<div class=\"elementor-column elementor-col-33 elementor-top-column elementor-element elementor-element-53720aa2\" data-id=\"53720aa2\" data-element_type=\"column\">\n\t\t\t<div class=\"elementor-widget-wrap elementor-element-populated\">\n\t\t\t\t\t\t\t\t<div class=\"elementor-element elementor-element-5ee4dd6 elementor-widget elementor-widget-image\" data-id=\"5ee4dd6\" data-element_type=\"widget\" data-widget_type=\"image.default\">\n\t\t\t\t<div class=\"elementor-widget-container\">\n\t\t\t<style>\/*! elementor - v3.18.0 - 20-12-2023 *\/\n.elementor-widget-image{text-align:center}.elementor-widget-image a{display:inline-block}.elementor-widget-image a img[src$=\".svg\"]{width:48px}.elementor-widget-image img{vertical-align:middle;display:inline-block}<\/style>\t\t\t\t\t\t\t\t\t\t\t\t<img decoding=\"async\" src=\"https:\/\/hightechextracts.com\/es\/wp-content\/uploads\/elementor\/thumbs\/GMP-q50h9je226vcmx192sv3fedqfgy43q3ejkn3f2s2j4.jpeg\" title=\"GMP\" alt=\"GMP\" loading=\"lazy\" \/>\t\t\t\t\t\t\t\t\t\t\t\t\t\t\t<\/div>\n\t\t\t\t<\/div>\n\t\t\t\t<div class=\"elementor-element elementor-element-1784943b elementor-widget elementor-widget-heading\" data-id=\"1784943b\" data-element_type=\"widget\" data-widget_type=\"heading.default\">\n\t\t\t\t<div class=\"elementor-widget-container\">\n\t\t\t<h3 class=\"elementor-heading-title elementor-size-medium\">BUENAS PR\u00c1CTICAS DE MANUFACTURA (GMP)<\/h3>\t\t<\/div>\n\t\t\t\t<\/div>\n\t\t\t\t<div class=\"elementor-element elementor-element-6e7ea342 elementor-widget-divider--view-line elementor-widget elementor-widget-divider\" data-id=\"6e7ea342\" data-element_type=\"widget\" data-widget_type=\"divider.default\">\n\t\t\t\t<div class=\"elementor-widget-container\">\n\t\t\t<style>\/*! elementor - v3.18.0 - 20-12-2023 *\/\n.elementor-widget-divider{--divider-border-style:none;--divider-border-width:1px;--divider-color:#0c0d0e;--divider-icon-size:20px;--divider-element-spacing:10px;--divider-pattern-height:24px;--divider-pattern-size:20px;--divider-pattern-url:none;--divider-pattern-repeat:repeat-x}.elementor-widget-divider .elementor-divider{display:flex}.elementor-widget-divider .elementor-divider__text{font-size:15px;line-height:1;max-width:95%}.elementor-widget-divider .elementor-divider__element{margin:0 var(--divider-element-spacing);flex-shrink:0}.elementor-widget-divider .elementor-icon{font-size:var(--divider-icon-size)}.elementor-widget-divider .elementor-divider-separator{display:flex;margin:0;direction:ltr}.elementor-widget-divider--view-line_icon .elementor-divider-separator,.elementor-widget-divider--view-line_text .elementor-divider-separator{align-items:center}.elementor-widget-divider--view-line_icon .elementor-divider-separator:after,.elementor-widget-divider--view-line_icon .elementor-divider-separator:before,.elementor-widget-divider--view-line_text .elementor-divider-separator:after,.elementor-widget-divider--view-line_text .elementor-divider-separator:before{display:block;content:\"\";border-bottom:0;flex-grow:1;border-top:var(--divider-border-width) var(--divider-border-style) var(--divider-color)}.elementor-widget-divider--element-align-left .elementor-divider .elementor-divider-separator>.elementor-divider__svg:first-of-type{flex-grow:0;flex-shrink:100}.elementor-widget-divider--element-align-left .elementor-divider-separator:before{content:none}.elementor-widget-divider--element-align-left .elementor-divider__element{margin-left:0}.elementor-widget-divider--element-align-right .elementor-divider .elementor-divider-separator>.elementor-divider__svg:last-of-type{flex-grow:0;flex-shrink:100}.elementor-widget-divider--element-align-right .elementor-divider-separator:after{content:none}.elementor-widget-divider--element-align-right .elementor-divider__element{margin-right:0}.elementor-widget-divider:not(.elementor-widget-divider--view-line_text):not(.elementor-widget-divider--view-line_icon) .elementor-divider-separator{border-top:var(--divider-border-width) var(--divider-border-style) var(--divider-color)}.elementor-widget-divider--separator-type-pattern{--divider-border-style:none}.elementor-widget-divider--separator-type-pattern.elementor-widget-divider--view-line .elementor-divider-separator,.elementor-widget-divider--separator-type-pattern:not(.elementor-widget-divider--view-line) .elementor-divider-separator:after,.elementor-widget-divider--separator-type-pattern:not(.elementor-widget-divider--view-line) .elementor-divider-separator:before,.elementor-widget-divider--separator-type-pattern:not([class*=elementor-widget-divider--view]) .elementor-divider-separator{width:100%;min-height:var(--divider-pattern-height);-webkit-mask-size:var(--divider-pattern-size) 100%;mask-size:var(--divider-pattern-size) 100%;-webkit-mask-repeat:var(--divider-pattern-repeat);mask-repeat:var(--divider-pattern-repeat);background-color:var(--divider-color);-webkit-mask-image:var(--divider-pattern-url);mask-image:var(--divider-pattern-url)}.elementor-widget-divider--no-spacing{--divider-pattern-size:auto}.elementor-widget-divider--bg-round{--divider-pattern-repeat:round}.rtl .elementor-widget-divider .elementor-divider__text{direction:rtl}.e-con-inner>.elementor-widget-divider,.e-con>.elementor-widget-divider{width:var(--container-widget-width,100%);--flex-grow:var(--container-widget-flex-grow)}<\/style>\t\t<div class=\"elementor-divider\">\n\t\t\t<span class=\"elementor-divider-separator\">\n\t\t\t\t\t\t<\/span>\n\t\t<\/div>\n\t\t\t\t<\/div>\n\t\t\t\t<\/div>\n\t\t\t\t<div class=\"elementor-element elementor-element-68141fd5 elementor-widget elementor-widget-text-editor\" data-id=\"68141fd5\" data-element_type=\"widget\" data-widget_type=\"text-editor.default\">\n\t\t\t\t<div class=\"elementor-widget-container\">\n\t\t\t\t\t\t\t<p><span style=\"color: #ff6600;\"><a style=\"color: #ff6600;\" href=\"https:\/\/ispe.org\/initiatives\/regulatory-resources\/gmp\"><span style=\"color: #ebbf7d;\">Buenas pr\u00e1cticas de fabricaci\u00f3n<\/span><\/a>\u00a0\u00a0<span style=\"color: #ffffff;\">(GMP) es una pr\u00e1ctica de producci\u00f3n y prueba que ayuda a garantizar un producto de calidad.\u00a0Las normas de las GMP nos orientan para la fabricaci\u00f3n de<\/span>\u00a0<span style=\"color: #ebbf7d;\"><a style=\"color: #ebbf7d;\" href=\"https:\/\/www.fda.gov\/media\/75201\/download\">Ingredientes Farmac\u00e9uticos Activos<\/a>\u00a0<\/span><span style=\"color: #ffffff;\">(API) bajo un sistema adecuado para la gesti\u00f3n de la calidad.<\/span><\/span><\/p><p><span style=\"color: #ffffff;\">Tambi\u00e9n est\u00e1 destinado a ayudar a garantizar que los API cumplan con las caracter\u00edsticas de calidad y pureza que pretenden, o se supone que poseen.\u00a0El t\u00e9rmino \u201cfabricaci\u00f3n\u201d se define para incluir todas las operaciones de recepci\u00f3n de materiales, producci\u00f3n, empaque, reempaque, etiquetado, reetiquetado, control de calidad, liberaci\u00f3n, almacenamiento y distribuci\u00f3n de los API y controles relacionados.<\/span><\/p>\t\t\t\t\t\t<\/div>\n\t\t\t\t<\/div>\n\t\t\t\t\t<\/div>\n\t\t<\/div>\n\t\t\t\t<div class=\"elementor-column elementor-col-33 elementor-top-column elementor-element elementor-element-8f2576f\" data-id=\"8f2576f\" data-element_type=\"column\">\n\t\t\t<div class=\"elementor-widget-wrap elementor-element-populated\">\n\t\t\t\t\t\t\t\t<div class=\"elementor-element elementor-element-49ee961 elementor-widget elementor-widget-image\" data-id=\"49ee961\" data-element_type=\"widget\" data-widget_type=\"image.default\">\n\t\t\t\t<div class=\"elementor-widget-container\">\n\t\t\t\t\t\t\t\t\t\t\t\t\t\t\t<img decoding=\"async\" src=\"https:\/\/hightechextracts.com\/es\/wp-content\/uploads\/elementor\/thumbs\/HACCP-q50h9je226vcmx192sv3fedqfgy43q3ejkn3f2s2j4.jpeg\" title=\"HACCP\" alt=\"HACCP\" loading=\"lazy\" \/>\t\t\t\t\t\t\t\t\t\t\t\t\t\t\t<\/div>\n\t\t\t\t<\/div>\n\t\t\t\t<div class=\"elementor-element elementor-element-ddc3143 elementor-widget elementor-widget-heading\" data-id=\"ddc3143\" data-element_type=\"widget\" data-widget_type=\"heading.default\">\n\t\t\t\t<div class=\"elementor-widget-container\">\n\t\t\t<h3 class=\"elementor-heading-title elementor-size-medium\">AN\u00c1LISIS DE PELIGROS Y PUNTOS CR\u00cdTICOS DE CONTROL (HACCP)<\/h3>\t\t<\/div>\n\t\t\t\t<\/div>\n\t\t\t\t<div class=\"elementor-element elementor-element-89a6b43 elementor-widget-divider--view-line elementor-widget elementor-widget-divider\" data-id=\"89a6b43\" data-element_type=\"widget\" data-widget_type=\"divider.default\">\n\t\t\t\t<div class=\"elementor-widget-container\">\n\t\t\t\t\t<div class=\"elementor-divider\">\n\t\t\t<span class=\"elementor-divider-separator\">\n\t\t\t\t\t\t<\/span>\n\t\t<\/div>\n\t\t\t\t<\/div>\n\t\t\t\t<\/div>\n\t\t\t\t<div class=\"elementor-element elementor-element-677f306 elementor-widget elementor-widget-text-editor\" data-id=\"677f306\" data-element_type=\"widget\" data-widget_type=\"text-editor.default\">\n\t\t\t\t<div class=\"elementor-widget-container\">\n\t\t\t\t\t\t\t<p><span style=\"color: #ffffff;\">El sistema<\/span>\u00a0<span style=\"color: #ebbf7d;\"><a style=\"color: #ebbf7d;\" href=\"https:\/\/www.fda.gov\/food\/hazard-analysis-critical-control-point-haccp\/haccp-principles-application-guidelines\">de an\u00e1lisis de peligros y puntos cr\u00edticos de control<\/a><\/span>\u00a0<span style=\"color: #ffffff;\">(HACCP) se desarroll\u00f3 para garantizar la seguridad de los alimentos para los astronautas estadounidenses hace casi 30 a\u00f1os.\u00a0Identifica cualquier peligro que debe prevenirse, eliminarse o reducirse.\u00a0El sistema de HACCP es aceptado internacionalmente como el sistema de elecci\u00f3n para la gesti\u00f3n de la seguridad alimentaria.\u00a0Es un enfoque preventivo de la seguridad alimentaria basado en los siguientes principios:<\/span><\/p><ol><li><span style=\"color: #ffffff;\">Identificar los puntos cr\u00edticos de control (PCC) en los pasos en los que el control es esencial<\/span><\/li><li><span style=\"color: #ffffff;\">Establecer l\u00edmites cr\u00edticos en los PCC<\/span><\/li><li><span style=\"color: #ffffff;\">Establecer procedimientos para el seguimiento de los PCC<\/span><\/li><li><span style=\"color: #ffffff;\">Establecer acciones correctivas a tomar si un PCC no est\u00e1 bajo control<\/span><\/li><li><span style=\"color: #ffffff;\">Establecer procedimientos para verificar si los procedimientos anteriores est\u00e1n funcionando de manera efectiva.<\/span><\/li><li><span style=\"color: #ffffff;\">Establecer documentos y registros para demostrar la aplicaci\u00f3n efectiva de la medida anterior<\/span><\/li><\/ol>\t\t\t\t\t\t<\/div>\n\t\t\t\t<\/div>\n\t\t\t\t\t<\/div>\n\t\t<\/div>\n\t\t\t\t<div class=\"elementor-column elementor-col-33 elementor-top-column elementor-element elementor-element-1b2b444\" data-id=\"1b2b444\" data-element_type=\"column\">\n\t\t\t<div class=\"elementor-widget-wrap elementor-element-populated\">\n\t\t\t\t\t\t\t\t<div class=\"elementor-element elementor-element-56ca082 elementor-widget elementor-widget-image\" data-id=\"56ca082\" data-element_type=\"widget\" data-widget_type=\"image.default\">\n\t\t\t\t<div class=\"elementor-widget-container\">\n\t\t\t\t\t\t\t\t\t\t\t\t\t\t\t<img decoding=\"async\" src=\"https:\/\/hightechextracts.com\/es\/wp-content\/uploads\/elementor\/thumbs\/GAMP5-q50h9je226vcmx192sv3fedqfgy43q3ejkn3f2s2j4.jpeg\" title=\"GAMP5\" alt=\"GAMP5\" loading=\"lazy\" \/>\t\t\t\t\t\t\t\t\t\t\t\t\t\t\t<\/div>\n\t\t\t\t<\/div>\n\t\t\t\t<div class=\"elementor-element elementor-element-7f170c6 elementor-widget elementor-widget-heading\" data-id=\"7f170c6\" data-element_type=\"widget\" data-widget_type=\"heading.default\">\n\t\t\t\t<div class=\"elementor-widget-container\">\n\t\t\t<h3 class=\"elementor-heading-title elementor-size-medium\">DIRECTRICES DE GAMP5<\/h3>\t\t<\/div>\n\t\t\t\t<\/div>\n\t\t\t\t<div class=\"elementor-element elementor-element-63538c9 elementor-widget-divider--view-line elementor-widget elementor-widget-divider\" data-id=\"63538c9\" data-element_type=\"widget\" data-widget_type=\"divider.default\">\n\t\t\t\t<div class=\"elementor-widget-container\">\n\t\t\t\t\t<div class=\"elementor-divider\">\n\t\t\t<span class=\"elementor-divider-separator\">\n\t\t\t\t\t\t<\/span>\n\t\t<\/div>\n\t\t\t\t<\/div>\n\t\t\t\t<\/div>\n\t\t\t\t<div class=\"elementor-element elementor-element-9ddcf70 elementor-widget elementor-widget-text-editor\" data-id=\"9ddcf70\" data-element_type=\"widget\" data-widget_type=\"text-editor.default\">\n\t\t\t\t<div class=\"elementor-widget-container\">\n\t\t\t\t\t\t\t<p><span style=\"color: #ffffff;\">Las <span style=\"text-decoration: underline; color: #ebbf7d;\"><a style=\"color: #ebbf7d; text-decoration: underline;\" href=\"https:\/\/ispe.org\/publications\/guidance-documents\/gamp-5\">Directrices GAMP5<\/a><\/span> se relacionan con la empresa regulada y sus buenas pr\u00e1cticas de manufactura. La responsabilidad del pleno cumplimiento de las normas pertinentes finalmente se detiene all\u00ed. Sin embargo, en GAMP5 se ha dado mayor importancia a la influencia del proveedor, es decir, el proveedor de un producto o servicio debe conocer las normas y cumplirlas. De esta manera, las empresas reguladas pueden utilizar la documentaci\u00f3n, pruebas, verificaci\u00f3n y plan de calidad del proveedor para demostrar el cumplimiento con las autoridades reguladoras.<\/span><\/p>\t\t\t\t\t\t<\/div>\n\t\t\t\t<\/div>\n\t\t\t\t\t<\/div>\n\t\t<\/div>\n\t\t\t\t\t\t\t<\/div>\n\t\t<\/section>\n\t\t\t\t<section class=\"elementor-section elementor-top-section elementor-element elementor-element-19260c4 elementor-section-boxed elementor-section-height-default elementor-section-height-default\" data-id=\"19260c4\" data-element_type=\"section\">\n\t\t\t\t\t\t<div class=\"elementor-container elementor-column-gap-default\">\n\t\t\t\t\t<div class=\"elementor-column elementor-col-100 elementor-top-column elementor-element elementor-element-e66fd9e\" data-id=\"e66fd9e\" data-element_type=\"column\">\n\t\t\t<div class=\"elementor-widget-wrap elementor-element-populated\">\n\t\t\t\t\t\t\t\t<div class=\"elementor-element elementor-element-c23f5e7 elementor-widget elementor-widget-heading\" data-id=\"c23f5e7\" data-element_type=\"widget\" data-widget_type=\"heading.default\">\n\t\t\t\t<div class=\"elementor-widget-container\">\n\t\t\t<h6 class=\"elementor-heading-title elementor-size-default\">LA VENTAJA DE HIGHTECH:<\/h6>\t\t<\/div>\n\t\t\t\t<\/div>\n\t\t\t\t<div class=\"elementor-element elementor-element-e6ae358 elementor-widget__width-initial elementor-invisible elementor-widget elementor-widget-heading\" data-id=\"e6ae358\" data-element_type=\"widget\" data-settings=\"{&quot;_animation&quot;:&quot;fadeInUp&quot;}\" data-widget_type=\"heading.default\">\n\t\t\t\t<div class=\"elementor-widget-container\">\n\t\t\t<h3 class=\"elementor-heading-title elementor-size-medium\">DESDE LA COMPRA INICIAL HASTA LA INSTALACI\u00d3N Y EL SOPORTE T\u00c9CNICO, ESTAMOS PRESENTES PARA AYUDAR. TRABAJAREMOS CON USTED EN CADA PASO DEL PROCESO: SELECCIONAR EL EXTRACTOR CORRECTO, CONSTRUIR EL\nCONJUNTO DE FUNCIONES QUE NECESITA, CREAR DE RECETAS PERSONALIZADAS, PARA AYUDAR A LOGRAR EL COSTO DE EXTRACCI\u00d3N POR GRAMO M\u00c1S BAJO POSIBLE.<\/h3>\t\t<\/div>\n\t\t\t\t<\/div>\n\t\t\t\t\t<\/div>\n\t\t<\/div>\n\t\t\t\t\t\t\t<\/div>\n\t\t<\/section>\n\t\t\t\t\t\t\t<\/div>\n\t\t","protected":false},"excerpt":{"rendered":"<p>Todos nuestros sistemas de extracci\u00f3n de CO 2 est\u00e1n certificados CERTIFICACIONES DEL SISTEMA La certificaci\u00f3n del sistema de extracci\u00f3n de CO2 es fundamental para dar garant\u00edas de calidad y cumplimiento de la normativa exigida en su pa\u00eds. Se debe comprobar que cada sistema de extracci\u00f3n de CO2 se haya comprobado individualmente y que cada componente, [&hellip;]<\/p>\n","protected":false},"author":1,"featured_media":0,"parent":0,"menu_order":0,"comment_status":"closed","ping_status":"closed","template":"","meta":{"_genesis_hide_title":false,"_genesis_hide_breadcrumbs":false,"_genesis_hide_singular_image":false,"_genesis_hide_footer_widgets":false,"_genesis_custom_body_class":"","_genesis_custom_post_class":"","_genesis_layout":""},"_links":{"self":[{"href":"https:\/\/hightechextracts.com\/es\/wp-json\/wp\/v2\/pages\/547"}],"collection":[{"href":"https:\/\/hightechextracts.com\/es\/wp-json\/wp\/v2\/pages"}],"about":[{"href":"https:\/\/hightechextracts.com\/es\/wp-json\/wp\/v2\/types\/page"}],"author":[{"embeddable":true,"href":"https:\/\/hightechextracts.com\/es\/wp-json\/wp\/v2\/users\/1"}],"replies":[{"embeddable":true,"href":"https:\/\/hightechextracts.com\/es\/wp-json\/wp\/v2\/comments?post=547"}],"version-history":[{"count":63,"href":"https:\/\/hightechextracts.com\/es\/wp-json\/wp\/v2\/pages\/547\/revisions"}],"predecessor-version":[{"id":6881,"href":"https:\/\/hightechextracts.com\/es\/wp-json\/wp\/v2\/pages\/547\/revisions\/6881"}],"wp:attachment":[{"href":"https:\/\/hightechextracts.com\/es\/wp-json\/wp\/v2\/media?parent=547"}],"curies":[{"name":"wp","href":"https:\/\/api.w.org\/{rel}","templated":true}]}}