{"id":477,"date":"2023-01-10T17:27:27","date_gmt":"2023-01-10T17:27:27","guid":{"rendered":"https:\/\/hightechextracts.com\/es\/es\/es\/es\/es\/es\/es\/es\/es\/es\/es\/es\/?page_id=477"},"modified":"2023-04-11T11:30:43","modified_gmt":"2023-04-11T11:30:43","slug":"escala-de-laboratorio","status":"publish","type":"page","link":"https:\/\/hightechextracts.com\/es\/sistemas-de-extraccion\/escala-de-laboratorio\/","title":{"rendered":"escala de laboratorio"},"content":{"rendered":"\t\t<div data-elementor-type=\"wp-page\" data-elementor-id=\"477\" class=\"elementor elementor-477\">\n\t\t\t\t\t\t\t\t\t<section class=\"elementor-section elementor-top-section elementor-element elementor-element-69794837 elementor-section-height-min-height elementor-section-items-top elementor-section-boxed elementor-section-height-default\" data-id=\"69794837\" data-element_type=\"section\" data-settings=\"{&quot;background_background&quot;:&quot;classic&quot;}\">\n\t\t\t\t\t\t<div class=\"elementor-container elementor-column-gap-default\">\n\t\t\t\t\t<div class=\"elementor-column elementor-col-100 elementor-top-column elementor-element elementor-element-3b0de719\" data-id=\"3b0de719\" data-element_type=\"column\">\n\t\t\t<div class=\"elementor-widget-wrap elementor-element-populated\">\n\t\t\t\t\t\t\t\t<div class=\"elementor-element elementor-element-76eece80 elementor-widget__width-inherit elementor-widget elementor-widget-heading\" data-id=\"76eece80\" data-element_type=\"widget\" data-widget_type=\"heading.default\">\n\t\t\t\t<div class=\"elementor-widget-container\">\n\t\t\t<style>\/*! elementor - v3.18.0 - 20-12-2023 *\/\n.elementor-heading-title{padding:0;margin:0;line-height:1}.elementor-widget-heading .elementor-heading-title[class*=elementor-size-]>a{color:inherit;font-size:inherit;line-height:inherit}.elementor-widget-heading .elementor-heading-title.elementor-size-small{font-size:15px}.elementor-widget-heading .elementor-heading-title.elementor-size-medium{font-size:19px}.elementor-widget-heading .elementor-heading-title.elementor-size-large{font-size:29px}.elementor-widget-heading .elementor-heading-title.elementor-size-xl{font-size:39px}.elementor-widget-heading .elementor-heading-title.elementor-size-xxl{font-size:59px}<\/style><h1 class=\"elementor-heading-title elementor-size-default\">escala de laboratorio<\/h1>\t\t<\/div>\n\t\t\t\t<\/div>\n\t\t\t\t\t<\/div>\n\t\t<\/div>\n\t\t\t\t\t\t\t<\/div>\n\t\t<\/section>\n\t\t\t\t<section class=\"elementor-section elementor-top-section elementor-element elementor-element-37d0e03a elementor-section-boxed elementor-section-height-default elementor-section-height-default\" data-id=\"37d0e03a\" data-element_type=\"section\">\n\t\t\t\t\t\t<div class=\"elementor-container elementor-column-gap-default\">\n\t\t\t\t\t<div class=\"elementor-column elementor-col-100 elementor-top-column elementor-element elementor-element-5eabe134\" data-id=\"5eabe134\" data-element_type=\"column\">\n\t\t\t<div class=\"elementor-widget-wrap elementor-element-populated\">\n\t\t\t\t\t\t\t\t<div class=\"elementor-element elementor-element-116f9a84 elementor-widget elementor-widget-heading\" data-id=\"116f9a84\" data-element_type=\"widget\" data-widget_type=\"heading.default\">\n\t\t\t\t<div class=\"elementor-widget-container\">\n\t\t\t<h6 class=\"elementor-heading-title elementor-size-small\">SISTEMAS DE EXTRACCI\u00d3N<\/h6>\t\t<\/div>\n\t\t\t\t<\/div>\n\t\t\t\t<div class=\"elementor-element elementor-element-4b23703 elementor-invisible elementor-widget elementor-widget-heading\" data-id=\"4b23703\" data-element_type=\"widget\" data-settings=\"{&quot;_animation&quot;:&quot;fadeInUp&quot;}\" data-widget_type=\"heading.default\">\n\t\t\t\t<div class=\"elementor-widget-container\">\n\t\t\t<h3 class=\"elementor-heading-title elementor-size-default\">ESCALA DE LABORATORIO A ESCALA INDUSTRIAL<\/h3>\t\t<\/div>\n\t\t\t\t<\/div>\n\t\t\t\t<div class=\"elementor-element elementor-element-ce1b58d elementor-widget elementor-widget-text-editor\" data-id=\"ce1b58d\" data-element_type=\"widget\" data-widget_type=\"text-editor.default\">\n\t\t\t\t<div class=\"elementor-widget-container\">\n\t\t\t<style>\/*! elementor - v3.18.0 - 20-12-2023 *\/\n.elementor-widget-text-editor.elementor-drop-cap-view-stacked .elementor-drop-cap{background-color:#69727d;color:#fff}.elementor-widget-text-editor.elementor-drop-cap-view-framed .elementor-drop-cap{color:#69727d;border:3px solid;background-color:transparent}.elementor-widget-text-editor:not(.elementor-drop-cap-view-default) .elementor-drop-cap{margin-top:8px}.elementor-widget-text-editor:not(.elementor-drop-cap-view-default) .elementor-drop-cap-letter{width:1em;height:1em}.elementor-widget-text-editor .elementor-drop-cap{float:left;text-align:center;line-height:1;font-size:50px}.elementor-widget-text-editor .elementor-drop-cap-letter{display:inline-block}<\/style>\t\t\t\t<p style=\"text-align: center;\">Los sistemas de extracci\u00f3n a escala de laboratorio est\u00e1n perfectamente dise\u00f1ados para probar materiales y procedimientos a peque\u00f1a escala para luego ser utilizados a gran escala con sistemas de extracci\u00f3n de mayor capacidad. Estos sistemas se llevan a cabo con el mismo software y automatizaci\u00f3n que los sistemas m\u00e1s grandes.<\/p>\t\t\t\t\t\t<\/div>\n\t\t\t\t<\/div>\n\t\t\t\t<section class=\"elementor-section elementor-inner-section elementor-element elementor-element-3c3a05be elementor-section-height-min-height elementor-section-content-middle elementor-section-boxed elementor-section-height-default\" data-id=\"3c3a05be\" data-element_type=\"section\">\n\t\t\t\t\t\t<div class=\"elementor-container elementor-column-gap-default\">\n\t\t\t\t\t<div class=\"elementor-column elementor-col-25 elementor-inner-column elementor-element elementor-element-1071a8c1\" data-id=\"1071a8c1\" data-element_type=\"column\" data-settings=\"{&quot;background_background&quot;:&quot;classic&quot;}\">\n\t\t\t<div class=\"elementor-widget-wrap elementor-element-populated\">\n\t\t\t\t\t\t\t\t<div class=\"elementor-element elementor-element-9ad78b5 elementor-widget elementor-widget-image\" data-id=\"9ad78b5\" data-element_type=\"widget\" data-widget_type=\"image.default\">\n\t\t\t\t<div class=\"elementor-widget-container\">\n\t\t\t<style>\/*! elementor - v3.18.0 - 20-12-2023 *\/\n.elementor-widget-image{text-align:center}.elementor-widget-image a{display:inline-block}.elementor-widget-image a img[src$=\".svg\"]{width:48px}.elementor-widget-image img{vertical-align:middle;display:inline-block}<\/style>\t\t\t\t\t\t\t\t\t\t\t\t\t<a href=\"https:\/\/hightechextracts.com\/es\/es\/sistema-de-extraccion-de-1-7l\/\">\n\t\t\t\t\t\t\t<img fetchpriority=\"high\" decoding=\"async\" width=\"856\" height=\"801\" src=\"https:\/\/hightechextracts.com\/es\/wp-content\/uploads\/2023\/01\/1.7L-1.jpeg\" class=\"elementor-animation-grow attachment-large size-large wp-image-480\" alt=\"\" srcset=\"https:\/\/hightechextracts.com\/es\/wp-content\/uploads\/2023\/01\/1.7L-1.jpeg 856w, https:\/\/hightechextracts.com\/es\/wp-content\/uploads\/2023\/01\/1.7L-1-600x561.jpeg 600w, https:\/\/hightechextracts.com\/es\/wp-content\/uploads\/2023\/01\/1.7L-1-768x719.jpeg 768w\" sizes=\"(max-width: 856px) 100vw, 856px\" \/>\t\t\t\t\t\t\t\t<\/a>\n\t\t\t\t\t\t\t\t\t\t\t\t\t\t\t<\/div>\n\t\t\t\t<\/div>\n\t\t\t\t\t<\/div>\n\t\t<\/div>\n\t\t\t\t<div class=\"elementor-column elementor-col-25 elementor-inner-column elementor-element elementor-element-674e360\" data-id=\"674e360\" data-element_type=\"column\" data-settings=\"{&quot;background_background&quot;:&quot;classic&quot;}\">\n\t\t\t<div class=\"elementor-widget-wrap elementor-element-populated\">\n\t\t\t\t\t\t\t\t<div class=\"elementor-element elementor-element-1dff1c5 elementor-widget elementor-widget-image\" data-id=\"1dff1c5\" data-element_type=\"widget\" data-widget_type=\"image.default\">\n\t\t\t\t<div class=\"elementor-widget-container\">\n\t\t\t\t\t\t\t\t\t\t\t\t\t\t\t\t<a href=\"https:\/\/hightechextracts.com\/es\/es\/sistema-de-extraccion-de-2-7l\/\">\n\t\t\t\t\t\t\t<img fetchpriority=\"high\" decoding=\"async\" width=\"856\" height=\"801\" src=\"https:\/\/hightechextracts.com\/es\/wp-content\/uploads\/2023\/01\/1.7L-1.jpeg\" class=\"elementor-animation-grow attachment-large size-large wp-image-480\" alt=\"\" srcset=\"https:\/\/hightechextracts.com\/es\/wp-content\/uploads\/2023\/01\/1.7L-1.jpeg 856w, https:\/\/hightechextracts.com\/es\/wp-content\/uploads\/2023\/01\/1.7L-1-600x561.jpeg 600w, https:\/\/hightechextracts.com\/es\/wp-content\/uploads\/2023\/01\/1.7L-1-768x719.jpeg 768w\" sizes=\"(max-width: 856px) 100vw, 856px\" \/>\t\t\t\t\t\t\t\t<\/a>\n\t\t\t\t\t\t\t\t\t\t\t\t\t\t\t<\/div>\n\t\t\t\t<\/div>\n\t\t\t\t\t<\/div>\n\t\t<\/div>\n\t\t\t\t<div class=\"elementor-column elementor-col-25 elementor-inner-column elementor-element elementor-element-4fd79db\" data-id=\"4fd79db\" data-element_type=\"column\" data-settings=\"{&quot;background_background&quot;:&quot;classic&quot;}\">\n\t\t\t<div class=\"elementor-widget-wrap elementor-element-populated\">\n\t\t\t\t\t\t\t\t<div class=\"elementor-element elementor-element-91d336a elementor-widget elementor-widget-image\" data-id=\"91d336a\" data-element_type=\"widget\" data-widget_type=\"image.default\">\n\t\t\t\t<div class=\"elementor-widget-container\">\n\t\t\t\t\t\t\t\t\t\t\t\t\t\t\t\t<a href=\"https:\/\/hightechextracts.com\/es\/es\/sistema-de-extraccion-7l\/\">\n\t\t\t\t\t\t\t<img decoding=\"async\" width=\"832\" height=\"800\" src=\"https:\/\/hightechextracts.com\/es\/wp-content\/uploads\/2023\/01\/7L.jpeg\" class=\"elementor-animation-grow attachment-large size-large wp-image-481\" alt=\"\" srcset=\"https:\/\/hightechextracts.com\/es\/wp-content\/uploads\/2023\/01\/7L.jpeg 832w, https:\/\/hightechextracts.com\/es\/wp-content\/uploads\/2023\/01\/7L-600x577.jpeg 600w, https:\/\/hightechextracts.com\/es\/wp-content\/uploads\/2023\/01\/7L-768x738.jpeg 768w\" sizes=\"(max-width: 832px) 100vw, 832px\" \/>\t\t\t\t\t\t\t\t<\/a>\n\t\t\t\t\t\t\t\t\t\t\t\t\t\t\t<\/div>\n\t\t\t\t<\/div>\n\t\t\t\t\t<\/div>\n\t\t<\/div>\n\t\t\t\t<div class=\"elementor-column elementor-col-25 elementor-inner-column elementor-element elementor-element-8e005ae\" data-id=\"8e005ae\" data-element_type=\"column\" data-settings=\"{&quot;background_background&quot;:&quot;classic&quot;}\">\n\t\t\t<div class=\"elementor-widget-wrap elementor-element-populated\">\n\t\t\t\t\t\t\t\t<div class=\"elementor-element elementor-element-63c0db3 elementor-widget elementor-widget-image\" data-id=\"63c0db3\" data-element_type=\"widget\" data-widget_type=\"image.default\">\n\t\t\t\t<div class=\"elementor-widget-container\">\n\t\t\t\t\t\t\t\t\t\t\t\t\t\t\t\t<a href=\"https:\/\/hightechextracts.com\/es\/es\/sistema-de-extraccion-12l\/\">\n\t\t\t\t\t\t\t<img decoding=\"async\" width=\"832\" height=\"800\" src=\"https:\/\/hightechextracts.com\/es\/wp-content\/uploads\/2023\/01\/7L.jpeg\" class=\"elementor-animation-grow attachment-large size-large wp-image-481\" alt=\"\" srcset=\"https:\/\/hightechextracts.com\/es\/wp-content\/uploads\/2023\/01\/7L.jpeg 832w, https:\/\/hightechextracts.com\/es\/wp-content\/uploads\/2023\/01\/7L-600x577.jpeg 600w, https:\/\/hightechextracts.com\/es\/wp-content\/uploads\/2023\/01\/7L-768x738.jpeg 768w\" sizes=\"(max-width: 832px) 100vw, 832px\" \/>\t\t\t\t\t\t\t\t<\/a>\n\t\t\t\t\t\t\t\t\t\t\t\t\t\t\t<\/div>\n\t\t\t\t<\/div>\n\t\t\t\t\t<\/div>\n\t\t<\/div>\n\t\t\t\t\t\t\t<\/div>\n\t\t<\/section>\n\t\t\t\t<section class=\"elementor-section elementor-inner-section elementor-element elementor-element-4d7dbcbb elementor-section-content-space-between elementor-section-boxed elementor-section-height-default elementor-section-height-default\" data-id=\"4d7dbcbb\" data-element_type=\"section\">\n\t\t\t\t\t\t<div class=\"elementor-container elementor-column-gap-default\">\n\t\t\t\t\t<div class=\"elementor-column elementor-col-25 elementor-inner-column elementor-element elementor-element-4500e9df\" data-id=\"4500e9df\" data-element_type=\"column\" data-settings=\"{&quot;background_background&quot;:&quot;classic&quot;}\">\n\t\t\t<div class=\"elementor-widget-wrap elementor-element-populated\">\n\t\t\t\t\t\t\t\t<div class=\"elementor-element elementor-element-b892647 elementor-widget elementor-widget-text-editor\" data-id=\"b892647\" data-element_type=\"widget\" data-widget_type=\"text-editor.default\">\n\t\t\t\t<div class=\"elementor-widget-container\">\n\t\t\t\t\t\t\t<p class=\"et_pb_module_header\" style=\"text-align: center;\"><strong>SISTEMA DE EXTRACCI\u00d3N DE 1.7L<\/strong><\/p><div class=\"et_pb_blurb_description\"><p style=\"text-align: center;\">PRODUCCI\u00d3N DIARIA ESTIMADA: <strong>4-6 LBS<\/strong><\/p><\/div>\t\t\t\t\t\t<\/div>\n\t\t\t\t<\/div>\n\t\t\t\t<div class=\"elementor-element elementor-element-523bad78 elementor-align-center elementor-widget elementor-widget-button\" data-id=\"523bad78\" data-element_type=\"widget\" data-widget_type=\"button.default\">\n\t\t\t\t<div class=\"elementor-widget-container\">\n\t\t\t\t\t<div class=\"elementor-button-wrapper\">\n\t\t\t<a class=\"elementor-button elementor-button-link elementor-size-sm\" href=\"https:\/\/hightechextracts.com\/es\/es\/sistema-de-extraccion-de-1-7l\/\">\n\t\t\t\t\t\t<span class=\"elementor-button-content-wrapper\">\n\t\t\t\t\t\t<span class=\"elementor-button-text\">Leer m\u00e1s<\/span>\n\t\t<\/span>\n\t\t\t\t\t<\/a>\n\t\t<\/div>\n\t\t\t\t<\/div>\n\t\t\t\t<\/div>\n\t\t\t\t\t<\/div>\n\t\t<\/div>\n\t\t\t\t<div class=\"elementor-column elementor-col-25 elementor-inner-column elementor-element elementor-element-1401c66d\" data-id=\"1401c66d\" data-element_type=\"column\" data-settings=\"{&quot;background_background&quot;:&quot;classic&quot;}\">\n\t\t\t<div class=\"elementor-widget-wrap elementor-element-populated\">\n\t\t\t\t\t\t\t\t<div class=\"elementor-element elementor-element-32be72ed elementor-widget elementor-widget-text-editor\" data-id=\"32be72ed\" data-element_type=\"widget\" data-widget_type=\"text-editor.default\">\n\t\t\t\t<div class=\"elementor-widget-container\">\n\t\t\t\t\t\t\t<p class=\"et_pb_module_header\" style=\"text-align: center;\"><strong>SISTEMA DE EXTRACCI\u00d3N DE 2.7L<\/strong><\/p><div class=\"et_pb_blurb_description\"><p style=\"text-align: center;\"><em>PRODUCCI\u00d3N DIARIA ESTIMADA: <strong>8-12 LBS<\/strong><\/em><\/p><\/div>\t\t\t\t\t\t<\/div>\n\t\t\t\t<\/div>\n\t\t\t\t<div class=\"elementor-element elementor-element-6f43a140 elementor-align-center elementor-widget elementor-widget-button\" data-id=\"6f43a140\" data-element_type=\"widget\" data-widget_type=\"button.default\">\n\t\t\t\t<div class=\"elementor-widget-container\">\n\t\t\t\t\t<div class=\"elementor-button-wrapper\">\n\t\t\t<a class=\"elementor-button elementor-button-link elementor-size-sm\" href=\"https:\/\/hightechextracts.com\/es\/es\/sistema-de-extraccion-de-2-7l\/\">\n\t\t\t\t\t\t<span class=\"elementor-button-content-wrapper\">\n\t\t\t\t\t\t<span class=\"elementor-button-text\">Leer m\u00e1s<\/span>\n\t\t<\/span>\n\t\t\t\t\t<\/a>\n\t\t<\/div>\n\t\t\t\t<\/div>\n\t\t\t\t<\/div>\n\t\t\t\t\t<\/div>\n\t\t<\/div>\n\t\t\t\t<div class=\"elementor-column elementor-col-25 elementor-inner-column elementor-element elementor-element-28065b9c\" data-id=\"28065b9c\" data-element_type=\"column\" data-settings=\"{&quot;background_background&quot;:&quot;classic&quot;}\">\n\t\t\t<div class=\"elementor-widget-wrap elementor-element-populated\">\n\t\t\t\t\t\t\t\t<div class=\"elementor-element elementor-element-77206355 elementor-widget elementor-widget-text-editor\" data-id=\"77206355\" data-element_type=\"widget\" data-widget_type=\"text-editor.default\">\n\t\t\t\t<div class=\"elementor-widget-container\">\n\t\t\t\t\t\t\t<p class=\"et_pb_module_header\" style=\"text-align: center;\"><strong>SISTEMA DE EXTRACCI\u00d3N 7L<\/strong><\/p><div class=\"et_pb_blurb_description\"><p style=\"text-align: center;\"><em>PRODUCCI\u00d3N DIARIA ESTIMADA: <strong>20-30 LBS<\/strong><\/em><\/p><\/div>\t\t\t\t\t\t<\/div>\n\t\t\t\t<\/div>\n\t\t\t\t<div class=\"elementor-element elementor-element-37b6bc02 elementor-align-center elementor-widget elementor-widget-button\" data-id=\"37b6bc02\" data-element_type=\"widget\" data-widget_type=\"button.default\">\n\t\t\t\t<div class=\"elementor-widget-container\">\n\t\t\t\t\t<div class=\"elementor-button-wrapper\">\n\t\t\t<a class=\"elementor-button elementor-button-link elementor-size-sm\" href=\"https:\/\/hightechextracts.com\/es\/es\/sistema-de-extraccion-7l\/\">\n\t\t\t\t\t\t<span class=\"elementor-button-content-wrapper\">\n\t\t\t\t\t\t<span class=\"elementor-button-text\">Leer m\u00e1s<\/span>\n\t\t<\/span>\n\t\t\t\t\t<\/a>\n\t\t<\/div>\n\t\t\t\t<\/div>\n\t\t\t\t<\/div>\n\t\t\t\t\t<\/div>\n\t\t<\/div>\n\t\t\t\t<div class=\"elementor-column elementor-col-25 elementor-inner-column elementor-element elementor-element-998b84d\" data-id=\"998b84d\" data-element_type=\"column\" data-settings=\"{&quot;background_background&quot;:&quot;classic&quot;}\">\n\t\t\t<div class=\"elementor-widget-wrap elementor-element-populated\">\n\t\t\t\t\t\t\t\t<div class=\"elementor-element elementor-element-c825258 elementor-widget elementor-widget-text-editor\" data-id=\"c825258\" data-element_type=\"widget\" data-widget_type=\"text-editor.default\">\n\t\t\t\t<div class=\"elementor-widget-container\">\n\t\t\t\t\t\t\t<p class=\"et_pb_module_header\" style=\"text-align: center;\"><strong>SISTEMA DE EXTRACCI\u00d3N 12L<\/strong><\/p><div class=\"et_pb_blurb_description\"><p style=\"text-align: center;\"><em>PRODUCCI\u00d3N DIARIA ESTIMADA: <strong>40-60 LBS<\/strong><\/em><\/p><\/div>\t\t\t\t\t\t<\/div>\n\t\t\t\t<\/div>\n\t\t\t\t<div class=\"elementor-element elementor-element-4bf9023 elementor-align-center elementor-widget elementor-widget-button\" data-id=\"4bf9023\" data-element_type=\"widget\" data-widget_type=\"button.default\">\n\t\t\t\t<div class=\"elementor-widget-container\">\n\t\t\t\t\t<div class=\"elementor-button-wrapper\">\n\t\t\t<a class=\"elementor-button elementor-button-link elementor-size-sm\" href=\"https:\/\/hightechextracts.com\/es\/es\/sistema-de-extraccion-12l\/\">\n\t\t\t\t\t\t<span class=\"elementor-button-content-wrapper\">\n\t\t\t\t\t\t<span class=\"elementor-button-text\">Leer m\u00e1s<\/span>\n\t\t<\/span>\n\t\t\t\t\t<\/a>\n\t\t<\/div>\n\t\t\t\t<\/div>\n\t\t\t\t<\/div>\n\t\t\t\t\t<\/div>\n\t\t<\/div>\n\t\t\t\t\t\t\t<\/div>\n\t\t<\/section>\n\t\t\t\t\t<\/div>\n\t\t<\/div>\n\t\t\t\t\t\t\t<\/div>\n\t\t<\/section>\n\t\t\t\t<section class=\"elementor-section elementor-top-section elementor-element elementor-element-b83e38f elementor-section-boxed elementor-section-height-default elementor-section-height-default\" data-id=\"b83e38f\" data-element_type=\"section\">\n\t\t\t\t\t\t<div class=\"elementor-container elementor-column-gap-default\">\n\t\t\t\t\t<div class=\"elementor-column elementor-col-100 elementor-top-column elementor-element elementor-element-e173794\" data-id=\"e173794\" data-element_type=\"column\">\n\t\t\t<div class=\"elementor-widget-wrap elementor-element-populated\">\n\t\t\t\t\t\t\t\t<div class=\"elementor-element elementor-element-e0a7b97 elementor-widget elementor-widget-heading\" data-id=\"e0a7b97\" data-element_type=\"widget\" data-widget_type=\"heading.default\">\n\t\t\t\t<div class=\"elementor-widget-container\">\n\t\t\t<h6 class=\"elementor-heading-title elementor-size-default\">LA VENTAJA DE HIGHTECH:<\/h6>\t\t<\/div>\n\t\t\t\t<\/div>\n\t\t\t\t<div class=\"elementor-element elementor-element-40e9fc8 elementor-widget__width-initial elementor-invisible elementor-widget elementor-widget-heading\" data-id=\"40e9fc8\" data-element_type=\"widget\" data-settings=\"{&quot;_animation&quot;:&quot;fadeInUp&quot;}\" data-widget_type=\"heading.default\">\n\t\t\t\t<div class=\"elementor-widget-container\">\n\t\t\t<h3 class=\"elementor-heading-title elementor-size-medium\">DESDE LA COMPRA INICIAL HASTA LA INSTALACI\u00d3N Y EL SOPORTE T\u00c9CNICO, ESTAMOS PRESENTES PARA AYUDAR. TRABAJAREMOS CON USTED EN CADA PASO DEL PROCESO: SELECCIONAR EL EXTRACTOR CORRECTO, CONSTRUIR EL\nCONJUNTO DE FUNCIONES QUE NECESITA, CREAR DE RECETAS PERSONALIZADAS, PARA AYUDAR A LOGRAR EL COSTO DE EXTRACCI\u00d3N POR GRAMO M\u00c1S BAJO POSIBLE.<\/h3>\t\t<\/div>\n\t\t\t\t<\/div>\n\t\t\t\t\t<\/div>\n\t\t<\/div>\n\t\t\t\t\t\t\t<\/div>\n\t\t<\/section>\n\t\t\t\t\t\t\t<\/div>\n\t\t","protected":false},"excerpt":{"rendered":"<p>SISTEMAS DE EXTRACCI\u00d3N ESCALA DE LABORATORIO A ESCALA INDUSTRIAL Los sistemas de extracci\u00f3n a escala de laboratorio est\u00e1n perfectamente dise\u00f1ados para probar materiales y procedimientos a peque\u00f1a escala para luego ser utilizados a gran escala con sistemas de extracci\u00f3n de mayor capacidad. Estos sistemas se llevan a cabo con el mismo software y automatizaci\u00f3n que [&hellip;]<\/p>\n","protected":false},"author":1,"featured_media":0,"parent":259,"menu_order":0,"comment_status":"closed","ping_status":"closed","template":"","meta":{"_genesis_hide_title":false,"_genesis_hide_breadcrumbs":false,"_genesis_hide_singular_image":false,"_genesis_hide_footer_widgets":false,"_genesis_custom_body_class":"","_genesis_custom_post_class":"","_genesis_layout":""},"_links":{"self":[{"href":"https:\/\/hightechextracts.com\/es\/wp-json\/wp\/v2\/pages\/477"}],"collection":[{"href":"https:\/\/hightechextracts.com\/es\/wp-json\/wp\/v2\/pages"}],"about":[{"href":"https:\/\/hightechextracts.com\/es\/wp-json\/wp\/v2\/types\/page"}],"author":[{"embeddable":true,"href":"https:\/\/hightechextracts.com\/es\/wp-json\/wp\/v2\/users\/1"}],"replies":[{"embeddable":true,"href":"https:\/\/hightechextracts.com\/es\/wp-json\/wp\/v2\/comments?post=477"}],"version-history":[{"count":77,"href":"https:\/\/hightechextracts.com\/es\/wp-json\/wp\/v2\/pages\/477\/revisions"}],"predecessor-version":[{"id":7892,"href":"https:\/\/hightechextracts.com\/es\/wp-json\/wp\/v2\/pages\/477\/revisions\/7892"}],"up":[{"embeddable":true,"href":"https:\/\/hightechextracts.com\/es\/wp-json\/wp\/v2\/pages\/259"}],"wp:attachment":[{"href":"https:\/\/hightechextracts.com\/es\/wp-json\/wp\/v2\/media?parent=477"}],"curies":[{"name":"wp","href":"https:\/\/api.w.org\/{rel}","templated":true}]}}