{"id":4074,"date":"2023-02-01T16:01:57","date_gmt":"2023-02-01T16:01:57","guid":{"rendered":"https:\/\/yourtemporaryurl.com\/hero\/?page_id=4074"},"modified":"2023-04-11T12:09:48","modified_gmt":"2023-04-11T12:09:48","slug":"micronizadores-y-atomizadores-de-co2-supercriticos-y-casi-criticos","status":"publish","type":"page","link":"https:\/\/hightechextracts.com\/es\/sistemas-de-extraccion\/micronizadores-y-atomizadores-de-co2-supercriticos-y-casi-criticos\/","title":{"rendered":"Micronizadores y atomizadores de co2 supercr\u00edticos y casi cr\u00edticos"},"content":{"rendered":"\t\t<div data-elementor-type=\"wp-page\" data-elementor-id=\"4074\" class=\"elementor elementor-4074\">\n\t\t\t\t\t\t\t\t\t<section class=\"elementor-section elementor-top-section elementor-element elementor-element-263a62a5 elementor-section-height-min-height elementor-section-items-top elementor-section-boxed elementor-section-height-default\" data-id=\"263a62a5\" data-element_type=\"section\" data-settings=\"{&quot;background_background&quot;:&quot;classic&quot;}\">\n\t\t\t\t\t\t<div class=\"elementor-container elementor-column-gap-default\">\n\t\t\t\t\t<div class=\"elementor-column elementor-col-100 elementor-top-column elementor-element elementor-element-4c6cb38c\" data-id=\"4c6cb38c\" data-element_type=\"column\">\n\t\t\t<div class=\"elementor-widget-wrap elementor-element-populated\">\n\t\t\t\t\t\t\t\t<div class=\"elementor-element elementor-element-5293141f elementor-widget__width-inherit elementor-widget elementor-widget-heading\" data-id=\"5293141f\" data-element_type=\"widget\" data-widget_type=\"heading.default\">\n\t\t\t\t<div class=\"elementor-widget-container\">\n\t\t\t<style>\/*! elementor - v3.18.0 - 20-12-2023 *\/\n.elementor-heading-title{padding:0;margin:0;line-height:1}.elementor-widget-heading .elementor-heading-title[class*=elementor-size-]>a{color:inherit;font-size:inherit;line-height:inherit}.elementor-widget-heading .elementor-heading-title.elementor-size-small{font-size:15px}.elementor-widget-heading .elementor-heading-title.elementor-size-medium{font-size:19px}.elementor-widget-heading .elementor-heading-title.elementor-size-large{font-size:29px}.elementor-widget-heading .elementor-heading-title.elementor-size-xl{font-size:39px}.elementor-widget-heading .elementor-heading-title.elementor-size-xxl{font-size:59px}<\/style><h1 class=\"elementor-heading-title elementor-size-default\">Micronizadores y atomizadores de co2 supercr\u00edticos y casi cr\u00edticos<\/h1>\t\t<\/div>\n\t\t\t\t<\/div>\n\t\t\t\t\t<\/div>\n\t\t<\/div>\n\t\t\t\t\t\t\t<\/div>\n\t\t<\/section>\n\t\t\t\t<section class=\"elementor-section elementor-top-section elementor-element elementor-element-74ff2337 elementor-section-full_width elementor-section-height-default elementor-section-height-default\" data-id=\"74ff2337\" data-element_type=\"section\">\n\t\t\t\t\t\t<div class=\"elementor-container elementor-column-gap-default\">\n\t\t\t\t\t<div class=\"elementor-column elementor-col-100 elementor-top-column elementor-element elementor-element-10ee0d49\" data-id=\"10ee0d49\" data-element_type=\"column\">\n\t\t\t<div class=\"elementor-widget-wrap elementor-element-populated\">\n\t\t\t\t\t\t\t\t<div class=\"elementor-element elementor-element-6ee2e350 elementor-invisible elementor-widget elementor-widget-heading\" data-id=\"6ee2e350\" data-element_type=\"widget\" data-settings=\"{&quot;_animation&quot;:&quot;fadeInUp&quot;}\" data-widget_type=\"heading.default\">\n\t\t\t\t<div class=\"elementor-widget-container\">\n\t\t\t<h3 class=\"elementor-heading-title elementor-size-default\">Micronizadores y atomizadores<br>de co2 supercr\u00edticos y casi cr\u00edticos<\/h3>\t\t<\/div>\n\t\t\t\t<\/div>\n\t\t\t\t<section class=\"elementor-section elementor-inner-section elementor-element elementor-element-2c1559c8 elementor-section-height-min-height elementor-section-content-middle elementor-section-boxed elementor-section-height-default\" data-id=\"2c1559c8\" data-element_type=\"section\">\n\t\t\t\t\t\t<div class=\"elementor-container elementor-column-gap-default\">\n\t\t\t\t\t<div class=\"elementor-column elementor-col-25 elementor-inner-column elementor-element elementor-element-33e9fb07\" data-id=\"33e9fb07\" data-element_type=\"column\" data-settings=\"{&quot;background_background&quot;:&quot;classic&quot;}\">\n\t\t\t<div class=\"elementor-widget-wrap\">\n\t\t\t\t\t\t\t\t\t<\/div>\n\t\t<\/div>\n\t\t\t\t<div class=\"elementor-column elementor-col-25 elementor-inner-column elementor-element elementor-element-ebf1600\" data-id=\"ebf1600\" data-element_type=\"column\" data-settings=\"{&quot;background_background&quot;:&quot;classic&quot;}\">\n\t\t\t<div class=\"elementor-widget-wrap\">\n\t\t\t\t\t\t\t\t\t<\/div>\n\t\t<\/div>\n\t\t\t\t<div class=\"elementor-column elementor-col-25 elementor-inner-column elementor-element elementor-element-09e3bd5\" data-id=\"09e3bd5\" data-element_type=\"column\" data-settings=\"{&quot;background_background&quot;:&quot;classic&quot;}\">\n\t\t\t<div class=\"elementor-widget-wrap\">\n\t\t\t\t\t\t\t\t\t<\/div>\n\t\t<\/div>\n\t\t\t\t<div class=\"elementor-column elementor-col-25 elementor-inner-column elementor-element elementor-element-a5a0934\" data-id=\"a5a0934\" data-element_type=\"column\" data-settings=\"{&quot;background_background&quot;:&quot;classic&quot;}\">\n\t\t\t<div class=\"elementor-widget-wrap\">\n\t\t\t\t\t\t\t\t\t<\/div>\n\t\t<\/div>\n\t\t\t\t\t\t\t<\/div>\n\t\t<\/section>\n\t\t\t\t<section class=\"elementor-section elementor-inner-section elementor-element elementor-element-65eb9d66 elementor-section-height-min-height elementor-section-content-space-between elementor-section-boxed elementor-section-height-default\" data-id=\"65eb9d66\" data-element_type=\"section\">\n\t\t\t\t\t\t<div class=\"elementor-container elementor-column-gap-default\">\n\t\t\t\t\t<div class=\"elementor-column elementor-col-25 elementor-inner-column elementor-element elementor-element-79168f1b\" data-id=\"79168f1b\" data-element_type=\"column\" data-settings=\"{&quot;background_background&quot;:&quot;classic&quot;}\">\n\t\t\t<div class=\"elementor-widget-wrap elementor-element-populated\">\n\t\t\t\t\t\t\t\t<div class=\"elementor-element elementor-element-43ae699f elementor-widget elementor-widget-text-editor\" data-id=\"43ae699f\" data-element_type=\"widget\" data-widget_type=\"text-editor.default\">\n\t\t\t\t<div class=\"elementor-widget-container\">\n\t\t\t<style>\/*! elementor - v3.18.0 - 20-12-2023 *\/\n.elementor-widget-text-editor.elementor-drop-cap-view-stacked .elementor-drop-cap{background-color:#69727d;color:#fff}.elementor-widget-text-editor.elementor-drop-cap-view-framed .elementor-drop-cap{color:#69727d;border:3px solid;background-color:transparent}.elementor-widget-text-editor:not(.elementor-drop-cap-view-default) .elementor-drop-cap{margin-top:8px}.elementor-widget-text-editor:not(.elementor-drop-cap-view-default) .elementor-drop-cap-letter{width:1em;height:1em}.elementor-widget-text-editor .elementor-drop-cap{float:left;text-align:center;line-height:1;font-size:50px}.elementor-widget-text-editor .elementor-drop-cap-letter{display:inline-block}<\/style>\t\t\t\t<p style=\"text-align: center;\"><strong>MICRONIZADOR DE CO2 CASI CR\u00cdTICO DE 20 L<\/strong><\/p><p>TAMA\u00d1O Y PESO:<\/p><ul><li><strong>Ancho:<\/strong> 0.8 m (2.6 pies)<\/li><li><strong>Altura:<\/strong> 1.2 cm (3,9 pies)<\/li><li><strong>Profundidad:<\/strong> 0.5 m (1.6 pies)<\/li><\/ul>\t\t\t\t\t\t<\/div>\n\t\t\t\t<\/div>\n\t\t\t\t<div class=\"elementor-element elementor-element-63f11d1e elementor-align-center elementor-widget elementor-widget-button\" data-id=\"63f11d1e\" data-element_type=\"widget\" data-widget_type=\"button.default\">\n\t\t\t\t<div class=\"elementor-widget-container\">\n\t\t\t\t\t<div class=\"elementor-button-wrapper\">\n\t\t\t<a class=\"elementor-button elementor-button-link elementor-size-sm\" href=\"https:\/\/hightechextracts.com\/es\/es\/sistemas-de-extraccion\/micronizadores-y-atomizadores-de-co2-supercriticos-y-casi-criticos\/micronizador-de-co2-casi-critico-de-20l\/\">\n\t\t\t\t\t\t<span class=\"elementor-button-content-wrapper\">\n\t\t\t\t\t\t<span class=\"elementor-button-text\">Leer m\u00e1s<\/span>\n\t\t<\/span>\n\t\t\t\t\t<\/a>\n\t\t<\/div>\n\t\t\t\t<\/div>\n\t\t\t\t<\/div>\n\t\t\t\t\t<\/div>\n\t\t<\/div>\n\t\t\t\t<div class=\"elementor-column elementor-col-25 elementor-inner-column elementor-element elementor-element-1b7c60e4\" data-id=\"1b7c60e4\" data-element_type=\"column\" data-settings=\"{&quot;background_background&quot;:&quot;classic&quot;}\">\n\t\t\t<div class=\"elementor-widget-wrap elementor-element-populated\">\n\t\t\t\t\t\t\t\t<div class=\"elementor-element elementor-element-438975d0 elementor-widget elementor-widget-text-editor\" data-id=\"438975d0\" data-element_type=\"widget\" data-widget_type=\"text-editor.default\">\n\t\t\t\t<div class=\"elementor-widget-container\">\n\t\t\t\t\t\t\t<p style=\"text-align: center;\"><strong>MICRONIZADOR DE CO2 CASI CR\u00cdTICO DE 50 L<\/strong><\/p><p>TAMA\u00d1O Y PESO:<\/p><ul><li><strong>Ancho:<\/strong> 1.6 m (5.2 pies)<\/li><li><strong>Altura:<\/strong> 1.7 cm (5.5 pies)<\/li><li><strong>Profundidad:<\/strong> 0.9 m (2.9 pies)<\/li><\/ul>\t\t\t\t\t\t<\/div>\n\t\t\t\t<\/div>\n\t\t\t\t<div class=\"elementor-element elementor-element-6c00643d elementor-align-center elementor-widget elementor-widget-button\" data-id=\"6c00643d\" data-element_type=\"widget\" data-widget_type=\"button.default\">\n\t\t\t\t<div class=\"elementor-widget-container\">\n\t\t\t\t\t<div class=\"elementor-button-wrapper\">\n\t\t\t<a class=\"elementor-button elementor-button-link elementor-size-sm\" href=\"https:\/\/hightechextracts.com\/es\/es\/sistemas-de-extraccion\/micronizadores-y-atomizadores-de-co2-supercriticos-y-casi-criticos\/micronizador-de-co2-casi-critico-de-50l\/\">\n\t\t\t\t\t\t<span class=\"elementor-button-content-wrapper\">\n\t\t\t\t\t\t<span class=\"elementor-button-text\">Leer m\u00e1s<\/span>\n\t\t<\/span>\n\t\t\t\t\t<\/a>\n\t\t<\/div>\n\t\t\t\t<\/div>\n\t\t\t\t<\/div>\n\t\t\t\t\t<\/div>\n\t\t<\/div>\n\t\t\t\t<div class=\"elementor-column elementor-col-25 elementor-inner-column elementor-element elementor-element-fece615\" data-id=\"fece615\" data-element_type=\"column\" data-settings=\"{&quot;background_background&quot;:&quot;classic&quot;}\">\n\t\t\t<div class=\"elementor-widget-wrap elementor-element-populated\">\n\t\t\t\t\t\t\t\t<div class=\"elementor-element elementor-element-25bef3d elementor-widget elementor-widget-text-editor\" data-id=\"25bef3d\" data-element_type=\"widget\" data-widget_type=\"text-editor.default\">\n\t\t\t\t<div class=\"elementor-widget-container\">\n\t\t\t\t\t\t\t<p style=\"text-align: center;\"><strong>ATOMIZADOR DE CO2 SUPERCR\u00cdTICO DE 12 L<\/strong><\/p><p>TAMA\u00d1O Y PESO:<\/p><ul><li><strong>Ancho:<\/strong> 1.9 m (6.2 pies)<\/li><li><strong>Altura:<\/strong> 2.2 cm (7.2 pies)<\/li><li><strong>Profundidad:<\/strong> 1.2 cm (3.9 pies)<\/li><\/ul>\t\t\t\t\t\t<\/div>\n\t\t\t\t<\/div>\n\t\t\t\t<div class=\"elementor-element elementor-element-8ca05ea elementor-align-center elementor-widget elementor-widget-button\" data-id=\"8ca05ea\" data-element_type=\"widget\" data-widget_type=\"button.default\">\n\t\t\t\t<div class=\"elementor-widget-container\">\n\t\t\t\t\t<div class=\"elementor-button-wrapper\">\n\t\t\t<a class=\"elementor-button elementor-button-link elementor-size-sm\" href=\"https:\/\/hightechextracts.com\/es\/es\/sistemas-de-extraccion\/micronizadores-y-atomizadores-de-co2-supercriticos-y-casi-criticos\/atomizador-de-co2-supercritico-de-12l\/\">\n\t\t\t\t\t\t<span class=\"elementor-button-content-wrapper\">\n\t\t\t\t\t\t<span class=\"elementor-button-text\">Leer m\u00e1s<\/span>\n\t\t<\/span>\n\t\t\t\t\t<\/a>\n\t\t<\/div>\n\t\t\t\t<\/div>\n\t\t\t\t<\/div>\n\t\t\t\t\t<\/div>\n\t\t<\/div>\n\t\t\t\t<div class=\"elementor-column elementor-col-25 elementor-inner-column elementor-element elementor-element-0cbda17\" data-id=\"0cbda17\" data-element_type=\"column\" data-settings=\"{&quot;background_background&quot;:&quot;classic&quot;}\">\n\t\t\t<div class=\"elementor-widget-wrap elementor-element-populated\">\n\t\t\t\t\t\t\t\t<div class=\"elementor-element elementor-element-6decf2b elementor-widget elementor-widget-text-editor\" data-id=\"6decf2b\" data-element_type=\"widget\" data-widget_type=\"text-editor.default\">\n\t\t\t\t<div class=\"elementor-widget-container\">\n\t\t\t\t\t\t\t<p style=\"text-align: center;\"><strong>ATOMIZADOR DE CO2 SUPERCR\u00cdTICO DE 20L<\/strong><\/p><p>TAMA\u00d1O Y PESO:<\/p><ul><li><strong>Ancho:<\/strong> 2.2 m (7.2 pies)<\/li><li><strong>Altura:<\/strong> 2.9 cm (9.5 pies)<\/li><li><strong>Profundidad:<\/strong> 1.2 cm (3.9 pies)<\/li><\/ul>\t\t\t\t\t\t<\/div>\n\t\t\t\t<\/div>\n\t\t\t\t<div class=\"elementor-element elementor-element-d4590d6 elementor-align-center elementor-widget elementor-widget-button\" data-id=\"d4590d6\" data-element_type=\"widget\" data-widget_type=\"button.default\">\n\t\t\t\t<div class=\"elementor-widget-container\">\n\t\t\t\t\t<div class=\"elementor-button-wrapper\">\n\t\t\t<a class=\"elementor-button elementor-button-link elementor-size-sm\" href=\"https:\/\/hightechextracts.com\/es\/es\/sistemas-de-extraccion\/micronizadores-y-atomizadores-de-co2-supercriticos-y-casi-criticos\/atomizador-de-co2-supercritico-de-20l\/\">\n\t\t\t\t\t\t<span class=\"elementor-button-content-wrapper\">\n\t\t\t\t\t\t<span class=\"elementor-button-text\">Leer m\u00e1s<\/span>\n\t\t<\/span>\n\t\t\t\t\t<\/a>\n\t\t<\/div>\n\t\t\t\t<\/div>\n\t\t\t\t<\/div>\n\t\t\t\t\t<\/div>\n\t\t<\/div>\n\t\t\t\t\t\t\t<\/div>\n\t\t<\/section>\n\t\t\t\t\t<\/div>\n\t\t<\/div>\n\t\t\t\t\t\t\t<\/div>\n\t\t<\/section>\n\t\t\t\t<section class=\"elementor-section elementor-top-section elementor-element elementor-element-8216e95 elementor-section-boxed elementor-section-height-default elementor-section-height-default\" data-id=\"8216e95\" data-element_type=\"section\">\n\t\t\t\t\t\t<div class=\"elementor-container elementor-column-gap-default\">\n\t\t\t\t\t<div class=\"elementor-column elementor-col-100 elementor-top-column elementor-element elementor-element-25a6652\" data-id=\"25a6652\" data-element_type=\"column\">\n\t\t\t<div class=\"elementor-widget-wrap elementor-element-populated\">\n\t\t\t\t\t\t\t\t<div class=\"elementor-element elementor-element-b15c7e2 elementor-widget elementor-widget-heading\" data-id=\"b15c7e2\" data-element_type=\"widget\" data-widget_type=\"heading.default\">\n\t\t\t\t<div class=\"elementor-widget-container\">\n\t\t\t<h6 class=\"elementor-heading-title elementor-size-default\">LA VENTAJA DE HIGHTECH:<\/h6>\t\t<\/div>\n\t\t\t\t<\/div>\n\t\t\t\t<div class=\"elementor-element elementor-element-666dd1e elementor-widget__width-initial elementor-invisible elementor-widget elementor-widget-heading\" data-id=\"666dd1e\" data-element_type=\"widget\" data-settings=\"{&quot;_animation&quot;:&quot;fadeInUp&quot;}\" data-widget_type=\"heading.default\">\n\t\t\t\t<div class=\"elementor-widget-container\">\n\t\t\t<h3 class=\"elementor-heading-title elementor-size-medium\">DESDE LA COMPRA INICIAL HASTA LA INSTALACI\u00d3N Y EL SOPORTE T\u00c9CNICO, ESTAMOS PRESENTES PARA AYUDAR. TRABAJAREMOS CON USTED EN CADA PASO DEL PROCESO: SELECCIONAR EL EXTRACTOR CORRECTO, CONSTRUIR EL\nCONJUNTO DE FUNCIONES QUE NECESITA, CREAR DE RECETAS PERSONALIZADAS, PARA AYUDAR A LOGRAR EL COSTO DE EXTRACCI\u00d3N POR GRAMO M\u00c1S BAJO POSIBLE.<\/h3>\t\t<\/div>\n\t\t\t\t<\/div>\n\t\t\t\t\t<\/div>\n\t\t<\/div>\n\t\t\t\t\t\t\t<\/div>\n\t\t<\/section>\n\t\t\t\t\t\t\t<\/div>\n\t\t","protected":false},"excerpt":{"rendered":"<p>Micronizadores y atomizadoresde co2 supercr\u00edticos y casi cr\u00edticos MICRONIZADOR DE CO2 CASI CR\u00cdTICO DE 20 L TAMA\u00d1O Y PESO: Ancho: 0.8 m (2.6 pies) Altura: 1.2 cm (3,9 pies) Profundidad: 0.5 m (1.6 pies) Leer m\u00e1s MICRONIZADOR DE CO2 CASI CR\u00cdTICO DE 50 L TAMA\u00d1O Y PESO: Ancho: 1.6 m (5.2 pies) Altura: 1.7 cm [&hellip;]<\/p>\n","protected":false},"author":1,"featured_media":0,"parent":259,"menu_order":0,"comment_status":"closed","ping_status":"closed","template":"","meta":{"_genesis_hide_title":false,"_genesis_hide_breadcrumbs":false,"_genesis_hide_singular_image":false,"_genesis_hide_footer_widgets":false,"_genesis_custom_body_class":"","_genesis_custom_post_class":"","_genesis_layout":""},"_links":{"self":[{"href":"https:\/\/hightechextracts.com\/es\/wp-json\/wp\/v2\/pages\/4074"}],"collection":[{"href":"https:\/\/hightechextracts.com\/es\/wp-json\/wp\/v2\/pages"}],"about":[{"href":"https:\/\/hightechextracts.com\/es\/wp-json\/wp\/v2\/types\/page"}],"author":[{"embeddable":true,"href":"https:\/\/hightechextracts.com\/es\/wp-json\/wp\/v2\/users\/1"}],"replies":[{"embeddable":true,"href":"https:\/\/hightechextracts.com\/es\/wp-json\/wp\/v2\/comments?post=4074"}],"version-history":[{"count":53,"href":"https:\/\/hightechextracts.com\/es\/wp-json\/wp\/v2\/pages\/4074\/revisions"}],"predecessor-version":[{"id":7916,"href":"https:\/\/hightechextracts.com\/es\/wp-json\/wp\/v2\/pages\/4074\/revisions\/7916"}],"up":[{"embeddable":true,"href":"https:\/\/hightechextracts.com\/es\/wp-json\/wp\/v2\/pages\/259"}],"wp:attachment":[{"href":"https:\/\/hightechextracts.com\/es\/wp-json\/wp\/v2\/media?parent=4074"}],"curies":[{"name":"wp","href":"https:\/\/api.w.org\/{rel}","templated":true}]}}