{"id":18,"date":"2015-01-16T19:37:32","date_gmt":"2015-01-16T19:37:32","guid":{"rendered":"http:\/\/yourtemporaryurl.com\/gregory\/?page_id=18"},"modified":"2023-04-13T19:18:42","modified_gmt":"2023-04-13T19:18:42","slug":"home","status":"publish","type":"page","link":"https:\/\/hightechextracts.com\/es\/","title":{"rendered":"Home"},"content":{"rendered":"\n<div class=\"outer\" style=\"background: #fff;\"><div class=\"inner flex\">\n<div class=\"one-half first wow fadeInLeft\">\n\n <video class=\"homepagevideo\" muted=\"\" autoplay=\"\" nocontrols=\"\" loop=\"\">\n  <source src=\"https:\/\/fastfiles336.s3.us-east-2.amazonaws.com\/hightech-extracts-machine-modal.mp4\" type=\"video\/mp4\">\nYour browser does not support the video tag.\n<\/video> \n\n\n\n<\/div>\n\n<div class=\"one-half welcomecontent  wow fadeInRight\">\n<h1 class=\"border_below\">EXTRACCI\u00d3N DE GRADO FARMAC\u00c9UTICO CON EXACTITUD DE ALTA PRECISI\u00d3N<\/h1>\n\n<p>HIGHTECH Extracts es el distribuidor oficial de SuperCritical Fluid Network (SCFN) de los sistemas de extracci\u00f3n con CO2 supercr\u00edtico de Am\u00e9rica del Norte.<\/p>\n\n<p>Fundado en 1995, este grupo de f\u00edsicos, cient\u00edficos farmac\u00e9uticos, ingenieros y fabricantes industriales forman una cadena de suministro a nivel mundial que ha emprendido la tarea de comprender mejor y perfeccionar el incre\u00edble poder de la extracci\u00f3n de fluidos supercr\u00edticos.<\/p>\n\n<p>Ofrecemos la gama m\u00e1s amplia de sistemas de extracci\u00f3n de CO2 supercr\u00edtico del mundo y una enorme red de conocimiento y experiencia en la industria. Unirse a la comunidad HIGHTECH lo conecta con los l\u00edderes de la tecnolog\u00eda de extracci\u00f3n fluidos supercr\u00edticos. Desde los sistemas de extracci\u00f3n de uso en laboratorio para la investigaci\u00f3n y mejora, sistemas de escala de producci\u00f3n de gran eficacia, o sistemas de extracci\u00f3n a escala industrial capaces de extraer miles de libras al d\u00eda.\n<\/p>\n\n<\/div>\n\n\n<\/div><\/div>\n\n\n\n<div class=\"outer\" style=\"background: url(wp-content\/uploads\/2022\/12\/bg2-1.jpg) no-repeat center center \/  cover;\"><div class=\"inner flex\">\n<div class=\"one-third first wow fadeInLeft\">\n<h2 class=\"text-light border_below\">UNA GRAN CANTIDAD DE USOS PARA TODO TIPO DE FINES<\/h2>\n<p class=\"text-white\">Desde la obtenci\u00f3n de aceites m\u00e1s puros hasta vidrio m\u00e1s ligero, caucho m\u00e1s ecol\u00f3gico, y mucho m\u00e1s, las aplicaciones de la extracci\u00f3n solo est\u00e1n limitadas por su propio ingenio.<\/p>\n<\/div>\n\n<div class=\"two-thirds sixicons wow fadeInRight\">\n\n<div class=\"one-third first\">\n<a>\n<span><img decoding=\"async\" src=\"wp-content\/uploads\/2022\/12\/cannabis-icon.png\" alt=\"icon\"><\/span>\nCANABIS\n<\/a>\n<\/div>\n\n<div class=\"one-third\">\n<a>\n<span><img decoding=\"async\" src=\"wp-content\/uploads\/2022\/12\/glass-icon.png\" alt=\"icon\"><\/span>\nESPEJOS\n<\/a>\n<\/div>\n\n<div class=\"one-third\">\n<a>\n<span><img decoding=\"async\" src=\"wp-content\/uploads\/2022\/12\/rubber-icon.png\" alt=\"icon\"><\/span>\nCAUCHO\n<\/a>\n<\/div>\n\n<div class=\"space50\"><\/div>\n\n<div class=\"one-third first\">\n<a>\n<span><img decoding=\"async\" src=\"wp-content\/uploads\/2022\/12\/metals-icon.png\" alt=\"icon\"><\/span>\nMETALES\n<\/a>\n<\/div>\n\n<div class=\"one-third\">\n<a>\n<span><img decoding=\"async\" src=\"wp-content\/uploads\/2022\/12\/botanicals-icon.png\" alt=\"icon\"><\/span>\nBOT\u00c1NICOS\n<\/a>\n<\/div>\n\n<div class=\"one-third\">\n<a>\n<span><img decoding=\"async\" src=\"wp-content\/uploads\/2022\/12\/chemical-icon.png\" alt=\"icon\"><\/span>\nQU\u00cdMICOS\n<\/a>\n<\/div>\n\n\n<\/div>\n\n\n<\/div><\/div>\n\n\n\n<div class=\"outer\" style=\"background: #fff url(https:\/\/hightechextracts.com\/es\/es\/es\/es\/es\/es\/es\/es\/es\/es\/es\/es\/wp-content\/uploads\/2022\/12\/bg1.jpg) no-repeat center top \/ contain;\"><div class=\"inner flex\">\n<div class=\"one-half first wow fadeInLeft\">\n<a href=\"modulex-extraction-system\/\">\n<img decoding=\"async\" src=\"wp-content\/uploads\/2022\/12\/modulex-image.jpg\" class=\"aligncenter bordered\" alt=\"modulex image\">\n<\/a>\n<\/div>\n\n<div class=\"one-half wow fadeInRight\">\n<h2 class=\"border_below\">MODULEX<\/h2>\n\n<p>Presentamos nuestro nuevo sistema de extracci\u00f3n de CO2 supercr\u00edtico de la Serie Industrial, MODULEX. Con un dise\u00f1o sofisticado, nuestras m\u00e1quinas son modulares e infinitamente escalables. Nuestros sistemas, que se implementan r\u00e1pidamente y se integran de manera r\u00e1pida, est\u00e1n listos para cualquier uso a cualquier escala.\n\n<\/p>\n\n<p>7,540 &#8211; 10,560 (lbs.)<br>\nSingle Module &#8211; Throughput\/Day\n<\/p>\n\n<\/div>\n\n\n<\/div>\n<\/div>\n\n\n\n<div class=\"outer\"><div class=\"inner\">\n\n<div class=\"one-third first wow zoomIn\">\n<a href=\"supercritical-co2-extraction-systems\/lab-scale-extraction-systems\/\">\n<div class=\"homebox\">\n<div class=\"homeboximg\" style=\"background-image: url(wp-content\/uploads\/2022\/12\/lab-scale-image.jpg);\">\n<\/div>\n<div class=\"homeboxcontent\"> \n<h3>SISTEMAS DE EXTRACCI\u00d3N A ESCALA DE LABORATORIO<\/h3>\n\n<\/div>\n<\/div>\n<\/a>\n<\/div>\n\n<div class=\"one-third wow zoomIn\">\n<a href=\"supercritical-co2-extraction-systems\/production-series-2\/\">\n<div class=\"homebox\">\n<div class=\"homeboximg\" style=\"background-image: url(wp-content\/uploads\/2022\/12\/production-image.jpg);\">\n<\/div>\n<div class=\"homeboxcontent\"> \n<h3>SISTEMAS DE EXTRACCI\u00d3N EN SERIE DE PRODUCCI\u00d3N<\/h3>\n<\/div>\n<\/div>\n<\/a>\n<\/div>\n\n<div class=\"one-third wow zoomIn\">\n<a href=\"supercritical-co2-extraction-systems\/industrial-series-2\/\">\n<div class=\"homebox\">\n<div class=\"homeboximg\" style=\"background-image: url(wp-content\/uploads\/2022\/12\/industrial-image.jpg);\">\n<\/div>\n<div class=\"homeboxcontent\"> \n<h3>SISTEMAS DE EXTRACCI\u00d3N DE LA SERIE INDUSTRIAL<\/h3>\n<\/div>\n<\/div>\n<\/a>\n<\/div>\n\n\n<\/div><\/div>\n\n\n\n<figure class=\"wp-block-video homebvideo\"><video autoplay loop muted src=\"https:\/\/fastfiles336.s3.us-east-2.amazonaws.com\/hightech-extracts-video_bg+(1).mp4\"><\/video><\/figure>\n\n\n\n<div class=\"outer homelast\" style=\"background: url(wp-content\/uploads\/2022\/12\/bg5.jpg) no-repeat center left;\"><div class=\"inner flex\">\n<div class=\"one-third first wow fadeInLeft\">\n<h2 class=\"text-light border_below\">EL FUTURO DE LA EXTRACCI\u00d3N ES SEGURO, LIMPIO Y PUEDE SER MEDIDO<\/h2>\n<p class=\"text-white\">BENEFICIOS DE LA EXTRACCI\u00d3N DE FLUIDOS CON CO2 SUPERCR\u00cdTICO<\/p>\n<\/div>\n\n<div class=\"two-thirds sixicons wow fadeInRight\">\n\n<div class=\"one-fourth first\">\n<a>\n<span><img decoding=\"async\" src=\"wp-content\/uploads\/2022\/12\/quality-icon.png\" alt=\"icon\"><\/span>\nCALIDAD \n<small>Nuestra amplia ventana de procesamiento de temperatura y presi\u00f3n permite una selectividad extrema y la producci\u00f3n de una variedad de extractos de mayor calidad.<\/small>\n<\/a>\n<\/div>\n\n<div class=\"one-fourth\">\n<a>\n<span><img decoding=\"async\" src=\"wp-content\/uploads\/2022\/12\/envi-icon.png\" alt=\"icon\"><\/span>\nAMBIENTE\n<small>El CO2 no es t\u00f3xico ni inflamable y es de origen natural, lo que minimiza el impacto en el medio ambiente y reduce los costos de adquisici\u00f3n\/eliminaci\u00f3n. <\/small>\n<\/a>\n<\/div>\n\n<div class=\"one-fourth\">\n<a>\n<span><img decoding=\"async\" src=\"wp-content\/uploads\/2022\/12\/effi-icon.png\" alt=\"icon\"><\/span>\nEFICIENCIA\n<small>La extracci\u00f3n de CO2 hace un uso muy eficiente de la electricidad y no requiere energ\u00eda adicional para remover el solvente CO2.<\/small>\n<\/a>\n<\/div>\n\n<div class=\"one-fourth\">\n<a>\n<span><img decoding=\"async\" src=\"wp-content\/uploads\/2022\/12\/safety-icon.png\" alt=\"icon\"><\/span>\nSEGURIDAD\n\n<small>El CO2 es generalmente reconocido como solvente seguro por la FDA, lo que lo convierte en el solvente ideal para alimentos y extractos m\u00e9dicos.<\/small>\n<\/a>\n<\/div>\n\n\n\n\n\n\n\n\n<\/div>\n\n\n<\/div><\/div>\n","protected":false},"excerpt":{"rendered":"<p>Your browser does not support the video tag. EXTRACCI\u00d3N DE GRADO FARMAC\u00c9UTICO CON EXACTITUD DE ALTA PRECISI\u00d3N HIGHTECH Extracts es el distribuidor oficial de SuperCritical Fluid Network (SCFN) de los sistemas de extracci\u00f3n con CO2 supercr\u00edtico de Am\u00e9rica del Norte. Fundado en 1995, este grupo de f\u00edsicos, cient\u00edficos farmac\u00e9uticos, ingenieros y fabricantes industriales forman una [&hellip;]<\/p>\n","protected":false},"author":1,"featured_media":0,"parent":0,"menu_order":0,"comment_status":"closed","ping_status":"closed","template":"","meta":{"_genesis_hide_title":false,"_genesis_hide_breadcrumbs":false,"_genesis_hide_singular_image":false,"_genesis_hide_footer_widgets":false,"_genesis_custom_body_class":"homepage","_genesis_custom_post_class":"homepage","_genesis_layout":"full-width-content"},"_links":{"self":[{"href":"https:\/\/hightechextracts.com\/es\/wp-json\/wp\/v2\/pages\/18"}],"collection":[{"href":"https:\/\/hightechextracts.com\/es\/wp-json\/wp\/v2\/pages"}],"about":[{"href":"https:\/\/hightechextracts.com\/es\/wp-json\/wp\/v2\/types\/page"}],"author":[{"embeddable":true,"href":"https:\/\/hightechextracts.com\/es\/wp-json\/wp\/v2\/users\/1"}],"replies":[{"embeddable":true,"href":"https:\/\/hightechextracts.com\/es\/wp-json\/wp\/v2\/comments?post=18"}],"version-history":[{"count":103,"href":"https:\/\/hightechextracts.com\/es\/wp-json\/wp\/v2\/pages\/18\/revisions"}],"predecessor-version":[{"id":8183,"href":"https:\/\/hightechextracts.com\/es\/wp-json\/wp\/v2\/pages\/18\/revisions\/8183"}],"wp:attachment":[{"href":"https:\/\/hightechextracts.com\/es\/wp-json\/wp\/v2\/media?parent=18"}],"curies":[{"name":"wp","href":"https:\/\/api.w.org\/{rel}","templated":true}]}}